{"id":30,"date":"2015-05-25T13:08:47","date_gmt":"2015-05-25T13:08:47","guid":{"rendered":"http:\/\/oriolfontdevila.net\/?page_id=30"},"modified":"2021-04-09T09:50:19","modified_gmt":"2021-04-09T07:50:19","slug":"about","status":"publish","type":"page","link":"https:\/\/oriolfontdevila.net\/ca\/about\/","title":{"rendered":"About"},"content":{"rendered":"\n\n\n\t<div class=\"dkpdf-button-container\" style=\" text-align:right \">\n\n\t\t<a class=\"dkpdf-button\" href=\"\/ca\/wp-json\/wp\/v2\/pages\/30\/?pdf=30\" target=\"_blank\"><span class=\"dkpdf-button-icon\"><i class=\"fa fa-file-pdf-o\"><\/i><\/span> Download PDF<\/a>\n\n\t<\/div>\n\n\n\n\n\n<p>Oriol Fontdevila is a curator, writer, researcher, focusing on art practices and education based in Barcelona. He has accepted a UOC Grant for the Doctoral Programme in Humanities and Communication, 2020-2023 (Open Univeristy of Catalonia). He has developed curatorial projects in many contemporary art centres and museums, as Antoni T\u00e0pies Foundation (Barcelona), Joan Mir\u00f3 Foundation (Barcelona), La Virreina Arts Centre (Barcelona), Santa M\u00f2nica Arts Centre (Barcelona), El Carme Contemporary Culture Centre (Val\u00e8ncia) or Vojvodina Contemporary Art Museum (Novi Sad, Serbia). He was a member of the curatorial team of the European project <a href=\"http:\/\/performingthemuseum.net\/site\/\"><em>Performing the Museum<\/em><\/a>; and artistic director of Sala d\u2019Art Jove, Catalan Government\u2019s Young Art Initiative. His essay <em>El arte de la mediaci\u00f3n <\/em>(The Art of Mediation) was published at 2018 by <a href=\"mailto:https:\/\/www.consonni.org\/en\/publicacion\/el-arte-de-la-mediacion\">consonni<\/a> (Bilbao), which was completed after a research grant held by <a href=\"http:\/\/www.museoreinasofia.es\/pedagogias\/centro-de-estudios\/residencias-investigacion\/2015-2016\">MNCARS<\/a>, Museo Nacional Centro de Arte Reina Sof\u00eda (Madrid). He has collaborated with many contemporary art books and catalogues. He is visiting lecturer of several MA programs and international study programs. He is currently assistant professor in EINA Art and Design University (Barcelona).<\/p>\n","protected":false},"excerpt":{"rendered":"<p>Download PDF Oriol Fontdevila is a curator, writer, researcher, focusing on art practices and education based in Barcelona. He has accepted a UOC Grant for the Doctoral Programme in Humanities and Communication, 2020-2023 (Open Univeristy of Catalonia). He has developed curatorial projects in many contemporary art centres and museums, as Antoni T\u00e0pies Foundation (Barcelona), Joan [&hellip;]<\/p>\n","protected":false},"author":1,"featured_media":0,"parent":0,"menu_order":0,"comment_status":"closed","ping_status":"closed","template":"contact.php","meta":{"footnotes":""},"class_list":["post-30","page","type-page","status-publish","hentry"],"yoast_head":"<!-- This site is optimized with the Yoast SEO plugin v24.1 - https:\/\/yoast.com\/wordpress\/plugins\/seo\/ -->\n<title>About - Oriol Fontdevila<\/title>\n<meta name=\"description\" content=\"oriol fontdevila current projects, awards, past projects, lectures and tutorial, selected texts, education\" \/>\n<meta name=\"robots\" content=\"index, follow, max-snippet:-1, max-image-preview:large, max-video-preview:-1\" \/>\n<link rel=\"canonical\" href=\"https:\/\/oriolfontdevila.net\/ca\/about\/\" \/>\n<meta property=\"og:locale\" content=\"ca_ES\" \/>\n<meta property=\"og:type\" content=\"article\" \/>\n<meta property=\"og:title\" content=\"About - Oriol Fontdevila\" \/>\n<meta property=\"og:description\" content=\"oriol fontdevila current projects, awards, past projects, lectures and tutorial, selected texts, education\" \/>\n<meta property=\"og:url\" content=\"https:\/\/oriolfontdevila.net\/ca\/about\/\" \/>\n<meta property=\"og:site_name\" content=\"Oriol Fontdevila\" \/>\n<meta property=\"article:modified_time\" content=\"2021-04-09T07:50:19+00:00\" \/>\n<meta name=\"twitter:card\" content=\"summary_large_image\" \/>\n<meta name=\"twitter:site\" content=\"@orifondevi\" \/>\n<meta name=\"twitter:label1\" content=\"Temps estimat de lectura\" \/>\n\t<meta name=\"twitter:data1\" content=\"1 minut\" \/>\n<script type=\"application\/ld+json\" class=\"yoast-schema-graph\">{\"@context\":\"https:\/\/schema.org\",\"@graph\":[{\"@type\":\"WebPage\",\"@id\":\"https:\/\/oriolfontdevila.net\/ca\/about\/\",\"url\":\"https:\/\/oriolfontdevila.net\/ca\/about\/\",\"name\":\"About - Oriol Fontdevila\",\"isPartOf\":{\"@id\":\"https:\/\/oriolfontdevila.net\/es\/#website\"},\"datePublished\":\"2015-05-25T13:08:47+00:00\",\"dateModified\":\"2021-04-09T07:50:19+00:00\",\"description\":\"oriol fontdevila current projects, awards, past projects, lectures and tutorial, selected texts, education\",\"breadcrumb\":{\"@id\":\"https:\/\/oriolfontdevila.net\/ca\/about\/#breadcrumb\"},\"inLanguage\":\"ca\",\"potentialAction\":[{\"@type\":\"ReadAction\",\"target\":[\"https:\/\/oriolfontdevila.net\/ca\/about\/\"]}]},{\"@type\":\"BreadcrumbList\",\"@id\":\"https:\/\/oriolfontdevila.net\/ca\/about\/#breadcrumb\",\"itemListElement\":[{\"@type\":\"ListItem\",\"position\":1,\"name\":\"Inici\",\"item\":\"https:\/\/oriolfontdevila.net\/ca\/\"},{\"@type\":\"ListItem\",\"position\":2,\"name\":\"About\"}]},{\"@type\":\"WebSite\",\"@id\":\"https:\/\/oriolfontdevila.net\/es\/#website\",\"url\":\"https:\/\/oriolfontdevila.net\/es\/\",\"name\":\"Oriol Fontdevila\",\"description\":\"\",\"inLanguage\":\"ca\"}]}<\/script>\n<!-- \/ Yoast SEO plugin. -->","yoast_head_json":{"title":"About - Oriol Fontdevila","description":"oriol fontdevila current projects, awards, past projects, lectures and tutorial, selected texts, education","robots":{"index":"index","follow":"follow","max-snippet":"max-snippet:-1","max-image-preview":"max-image-preview:large","max-video-preview":"max-video-preview:-1"},"canonical":"https:\/\/oriolfontdevila.net\/ca\/about\/","og_locale":"ca_ES","og_type":"article","og_title":"About - Oriol Fontdevila","og_description":"oriol fontdevila current projects, awards, past projects, lectures and tutorial, selected texts, education","og_url":"https:\/\/oriolfontdevila.net\/ca\/about\/","og_site_name":"Oriol Fontdevila","article_modified_time":"2021-04-09T07:50:19+00:00","twitter_card":"summary_large_image","twitter_site":"@orifondevi","twitter_misc":{"Temps estimat de lectura":"1 minut"},"schema":{"@context":"https:\/\/schema.org","@graph":[{"@type":"WebPage","@id":"https:\/\/oriolfontdevila.net\/ca\/about\/","url":"https:\/\/oriolfontdevila.net\/ca\/about\/","name":"About - Oriol Fontdevila","isPartOf":{"@id":"https:\/\/oriolfontdevila.net\/es\/#website"},"datePublished":"2015-05-25T13:08:47+00:00","dateModified":"2021-04-09T07:50:19+00:00","description":"oriol fontdevila current projects, awards, past projects, lectures and tutorial, selected texts, education","breadcrumb":{"@id":"https:\/\/oriolfontdevila.net\/ca\/about\/#breadcrumb"},"inLanguage":"ca","potentialAction":[{"@type":"ReadAction","target":["https:\/\/oriolfontdevila.net\/ca\/about\/"]}]},{"@type":"BreadcrumbList","@id":"https:\/\/oriolfontdevila.net\/ca\/about\/#breadcrumb","itemListElement":[{"@type":"ListItem","position":1,"name":"Inici","item":"https:\/\/oriolfontdevila.net\/ca\/"},{"@type":"ListItem","position":2,"name":"About"}]},{"@type":"WebSite","@id":"https:\/\/oriolfontdevila.net\/es\/#website","url":"https:\/\/oriolfontdevila.net\/es\/","name":"Oriol Fontdevila","description":"","inLanguage":"ca"}]}},"_links":{"self":[{"href":"https:\/\/oriolfontdevila.net\/ca\/wp-json\/wp\/v2\/pages\/30\/"}],"collection":[{"href":"https:\/\/oriolfontdevila.net\/ca\/wp-json\/wp\/v2\/pages\/"}],"about":[{"href":"https:\/\/oriolfontdevila.net\/ca\/wp-json\/wp\/v2\/types\/page\/"}],"author":[{"embeddable":true,"href":"https:\/\/oriolfontdevila.net\/ca\/wp-json\/wp\/v2\/users\/1\/"}],"replies":[{"embeddable":true,"href":"https:\/\/oriolfontdevila.net\/ca\/wp-json\/wp\/v2\/comments\/?post=30"}],"version-history":[{"count":110,"href":"https:\/\/oriolfontdevila.net\/ca\/wp-json\/wp\/v2\/pages\/30\/revisions\/"}],"predecessor-version":[{"id":4882,"href":"https:\/\/oriolfontdevila.net\/ca\/wp-json\/wp\/v2\/pages\/30\/revisions\/4882\/"}],"wp:attachment":[{"href":"https:\/\/oriolfontdevila.net\/ca\/wp-json\/wp\/v2\/media\/?parent=30"}],"curies":[{"name":"wp","href":"https:\/\/api.w.org\/{rel}","templated":true}]}}